{"id":45,"date":"2021-09-01T05:45:16","date_gmt":"2021-09-01T05:45:16","guid":{"rendered":"https:\/\/casinofokus.com\/de\/?page_id=45"},"modified":"2026-02-13T11:03:09","modified_gmt":"2026-02-13T11:03:09","slug":"ueber-uns","status":"publish","type":"page","link":"https:\/\/casinofokus.com\/de\/ueber-uns\/","title":{"rendered":"\u00dcber uns \u2013 Das Team hinter Casinofokus"},"content":{"rendered":"\n<p>Wir von <strong><a href=\"https:\/\/casinofokus.com\/de\/\">Casinofokus<\/a><\/strong> sind eine Gruppe von begeisterten Spielern mit jahrelangen Erfahrungen in Online Casinos. Viele unserer Redakteure haben bereits f\u00fcr ein Casino gearbeitet und kennen daher die Arbeits- und Funktionsweise von modernen Anbietern. In diesem Beitrag stellen wir unser Team vor und verraten alles \u00fcber uns.<\/p>\n\n\n<div class=\"wp-block-image\">\n<figure class=\"aligncenter size-full\"><img decoding=\"async\" width=\"948\" height=\"328\" src=\"https:\/\/casinofokus.com\/de\/wp-content\/uploads\/2022\/01\/Screenshot_2.png\" alt=\"Casinofokus E-Mail-Adresse\" class=\"wp-image-3258\" srcset=\"https:\/\/casinofokus.com\/de\/wp-content\/uploads\/2022\/01\/Screenshot_2.png 948w, https:\/\/casinofokus.com\/de\/wp-content\/uploads\/2022\/01\/Screenshot_2-300x104.png 300w, https:\/\/casinofokus.com\/de\/wp-content\/uploads\/2022\/01\/Screenshot_2-768x266.png 768w, https:\/\/casinofokus.com\/de\/wp-content\/uploads\/2022\/01\/Screenshot_2-116x40.png 116w, https:\/\/casinofokus.com\/de\/wp-content\/uploads\/2022\/01\/Screenshot_2-92x32.png 92w, https:\/\/casinofokus.com\/de\/wp-content\/uploads\/2022\/01\/Screenshot_2-231x80.png 231w, https:\/\/casinofokus.com\/de\/wp-content\/uploads\/2022\/01\/Screenshot_2-390x135.png 390w\" sizes=\"(max-width: 948px) 100vw, 948px\" \/><\/figure>\n<\/div>\n\n\n<div id=\"ez-toc-container\" class=\"ez-toc-v2_0_82_2 counter-hierarchy ez-toc-counter ez-toc-grey ez-toc-container-direction\">\n<div class=\"ez-toc-title-container\">\n<label class=\"ez-toc-title ez-toc-toggle\" style=\"cursor:pointer\">Inhaltsverzeichnis<\/label>\n<span class=\"ez-toc-title-toggle\"><a href=\"#\" class=\"ez-toc-pull-right ez-toc-btn ez-toc-btn-xs ez-toc-btn-default ez-toc-toggle\" aria-label=\"Toggle Table of Content\"><span class=\"ez-toc-js-icon-con\"><span class=\"\"><span class=\"eztoc-hide\" style=\"display:none;\">Toggle<\/span><span class=\"ez-toc-icon-toggle-span\"><svg style=\"fill: #999;color:#999\" xmlns=\"http:\/\/www.w3.org\/2000\/svg\" class=\"list-377408\" width=\"20px\" height=\"20px\" viewBox=\"0 0 24 24\" fill=\"none\"><path d=\"M6 6H4v2h2V6zm14 0H8v2h12V6zM4 11h2v2H4v-2zm16 0H8v2h12v-2zM4 16h2v2H4v-2zm16 0H8v2h12v-2z\" fill=\"currentColor\"><\/path><\/svg><svg style=\"fill: #999;color:#999\" class=\"arrow-unsorted-368013\" xmlns=\"http:\/\/www.w3.org\/2000\/svg\" width=\"10px\" height=\"10px\" viewBox=\"0 0 24 24\" version=\"1.2\" baseProfile=\"tiny\"><path d=\"M18.2 9.3l-6.2-6.3-6.2 6.3c-.2.2-.3.4-.3.7s.1.5.3.7c.2.2.4.3.7.3h11c.3 0 .5-.1.7-.3.2-.2.3-.5.3-.7s-.1-.5-.3-.7zM5.8 14.7l6.2 6.3 6.2-6.3c.2-.2.3-.5.3-.7s-.1-.5-.3-.7c-.2-.2-.4-.3-.7-.3h-11c-.3 0-.5.1-.7.3-.2.2-.3.5-.3.7s.1.5.3.7z\"\/><\/svg><\/span><\/span><\/span><\/a><\/span><\/div>\n<nav><ul class='ez-toc-list ez-toc-list-level-1 ' ><li class='ez-toc-page-1 ez-toc-heading-level-2'><a class=\"ez-toc-link ez-toc-heading-1\" href=\"https:\/\/casinofokus.com\/de\/ueber-uns\/#Was_ist_unsere_Mission\" >Was ist unsere Mission?<\/a><\/li><li class='ez-toc-page-1 ez-toc-heading-level-2'><a class=\"ez-toc-link ez-toc-heading-2\" href=\"https:\/\/casinofokus.com\/de\/ueber-uns\/#Unser_Geschaeftsmodell\" >Unser Gesch\u00e4ftsmodell<\/a><\/li><li class='ez-toc-page-1 ez-toc-heading-level-2'><a class=\"ez-toc-link ez-toc-heading-3\" href=\"https:\/\/casinofokus.com\/de\/ueber-uns\/#Das_Team_von_Casinofokus\" >Das Team von Casinofokus<\/a><\/li><\/ul><\/nav><\/div>\n<h2 class=\"wp-block-heading\"><span class=\"ez-toc-section\" id=\"Was_ist_unsere_Mission\"><\/span>Was ist unsere Mission?<span class=\"ez-toc-section-end\"><\/span><\/h2>\n\n\n<div class=\"wp-block-image\">\n<figure class=\"aligncenter size-large\"><img decoding=\"async\" width=\"1024\" height=\"576\" src=\"https:\/\/casinofokus.com\/de\/wp-content\/uploads\/2021\/09\/casinofokus-bulgaria-or-germany-1024x576.png\" alt=\"Casinofokus Bild mit deutscher und bulgarischer Flagge\" class=\"wp-image-641\" srcset=\"https:\/\/casinofokus.com\/de\/wp-content\/uploads\/2021\/09\/casinofokus-bulgaria-or-germany-1024x576.png 1024w, https:\/\/casinofokus.com\/de\/wp-content\/uploads\/2021\/09\/casinofokus-bulgaria-or-germany-300x169.png 300w, https:\/\/casinofokus.com\/de\/wp-content\/uploads\/2021\/09\/casinofokus-bulgaria-or-germany-768x432.png 768w, https:\/\/casinofokus.com\/de\/wp-content\/uploads\/2021\/09\/casinofokus-bulgaria-or-germany-1536x864.png 1536w, https:\/\/casinofokus.com\/de\/wp-content\/uploads\/2021\/09\/casinofokus-bulgaria-or-germany-71x40.png 71w, https:\/\/casinofokus.com\/de\/wp-content\/uploads\/2021\/09\/casinofokus-bulgaria-or-germany-450x254.png 450w, https:\/\/casinofokus.com\/de\/wp-content\/uploads\/2021\/09\/casinofokus-bulgaria-or-germany-994x559.png 994w, https:\/\/casinofokus.com\/de\/wp-content\/uploads\/2021\/09\/casinofokus-bulgaria-or-germany-57x32.png 57w, https:\/\/casinofokus.com\/de\/wp-content\/uploads\/2021\/09\/casinofokus-bulgaria-or-germany-142x80.png 142w, https:\/\/casinofokus.com\/de\/wp-content\/uploads\/2021\/09\/casinofokus-bulgaria-or-germany-240x135.png 240w, https:\/\/casinofokus.com\/de\/wp-content\/uploads\/2021\/09\/casinofokus-bulgaria-or-germany.png 1920w\" sizes=\"(max-width: 1024px) 100vw, 1024px\" \/><\/figure>\n<\/div>\n\n\n<p>In unserem Portal findest Du Testberichte zu den <strong><a href=\"https:\/\/casinofokus.com\/de\/online-casino-liste\/\">besten Online Casinos<\/a><\/strong> und dabei nehmen wir Anbieter unter die Lupe. Unser Ziel ist es, Dir einen passenden Anbieter zu empfehlen und daher testen wir jedes Online Casino in 8 Kategorien. Diese sind stets an die Bed\u00fcrfnisse von echten Spielern angelegt und sind nicht einfach L\u00fcckenf\u00fcller.<\/p>\n\n\n\n<p>Wir sind uns der Verantwortung Dir gegen\u00fcber bewusst, denn leider bieten viele Vergleichsportale nur oberfl\u00e4chliche Informationen zu bestimmten Themen. Zudem sind <strong>Informationen im Internet oftmals veraltet<\/strong> und haben daher f\u00fcr Dich keinen Nutzen.<\/p>\n\n\n\n<p>Daher m\u00f6chten wir mit Casinofokus daf\u00fcr sorgen, dass Du stets ein <strong>aktuelles und \u00fcbersichtliches Portal zur Hand<\/strong> hast. Egal, ob Du an Erfahrungsberichten oder allgemeinen Ratgebern interessiert bist \u2013 unser professionelles Redaktionsteam versorgt Dich mit aktuellen Informationen und hilfreichen Guides.<\/p>\n\n\n\n<p>Unsere Artikel sind dabei speziell absichtlich kurz gehalten, damit Du die gesuchten Informationen in k\u00fcrzester Zeit bereitgestellt bekommst. <strong>Dazu gliedern wir jeden Artikel in die wichtigsten Unterthemen<\/strong>, sodass Du direkt die gew\u00fcnschte Textstelle aufrufen kannst. <\/p>\n\n\n\n<p>Dabei verzichten wir auf unn\u00f6tige L\u00fcckenf\u00fcller und kommen direkt auf den Punkt. Wir m\u00f6chten Dich nicht lange hinhalten und <strong>stellen daher die wichtigsten Aspekte in den Vordergrund<\/strong>. Du als Leser stehst bei uns immer im Mittelpunkt, denn davon h\u00e4ngt auch unsere Finanzierung ab, die wir nachfolgend transparent vorstellen.<\/p>\n\n\n\n<h2 class=\"wp-block-heading\"><span class=\"ez-toc-section\" id=\"Unser_Geschaeftsmodell\"><\/span>Unser Gesch\u00e4ftsmodell <span class=\"ez-toc-section-end\"><\/span><\/h2>\n\n\n\n<p>Der Betrieb einer solchen Webseite ist mit einigen Kosten verbunden, weshalb wir auf sogenanntes <strong><a href=\"https:\/\/de.wikipedia.org\/wiki\/Affiliate-Marketing\" target=\"_blank\" rel=\"noreferrer noopener\">Affiliate-Marketing<\/a><\/strong> setzen. Du kennst das Konzept sicher von Vergleichsseiten wie Check24. Der Betreiber einer solchen Vergleichsseite geht eine Partnerschaft mit dem Dienstleister ein und erh\u00e4lt eine Provision f\u00fcr geworbene Neukunden.<\/p>\n\n\n\n<p>Falls Du Dich also \u00fcber einen unserer Links bei einem Casino registrierst und einzahlst, erhalten wir als Belohnung eine Provision von dem Anbieter. Mit diesen Einnahmen finanzieren wir die laufenden Kosten f\u00fcr den Betrieb unserer Webseite. Das hat \u00fcbrigens auch <strong>entscheidende Vorteile f\u00fcr Dich als Leser<\/strong>.<\/p>\n\n\n\n<p>Denn einerseits k\u00f6nnen wir dadurch komplett auf Werbeeinnahmen verzichten. Somit m\u00fcssen wir <strong>keine st\u00f6renden Werbeanzeigen auf der Seite<\/strong> schalten und diese mit Pop-ups zum\u00fcllen. Der (Casino-)Fokus bleibt daher stets auf die Informationen gerichtet, nach denen Du gezielt gesucht hast.<\/p>\n\n\n\n<p>Ein weiterer wichtiger Vorteil unseres Gesch\u00e4ftsmodells ist die Tatsache, dass es f\u00fcr uns <strong>keinen Sinn ergibt, Dir unseri\u00f6se Anbieter zu empfehlen<\/strong>. Denn was n\u00fctzt es uns, wenn wir Dir ein Casino empfehlen, bei welchem wir selbst nicht spielen w\u00fcrden? <\/p>\n\n\n\n<p>In absehbarer Zeit w\u00fcrdest Du bemerken, dass es sich um einen schlechten Anbieter handelt und dort nicht mehr aktiv sein. Dadurch w\u00fcrden uns Einnahmen entgehen und <strong>wir w\u00fcrden unseren Ruf besch\u00e4digen<\/strong>. Daher verkaufen wir auch keine Positionen an den H\u00f6chstbietenden \u2013 unsere Rankings basieren auf der Bewertung im Test!<\/p>\n\n\n\n<h2 class=\"wp-block-heading\"><span class=\"ez-toc-section\" id=\"Das_Team_von_Casinofokus\"><\/span>Das Team von Casinofokus<span class=\"ez-toc-section-end\"><\/span><\/h2>\n\n\n\n<p>Unsere Redaktion besteht aus mehreren Autoren, die Dich regelm\u00e4\u00dfig \u00fcber die neuesten Trends informieren. Die Artikel werden ausschlie\u00dflich von uns produziert, um unserem eigenen Qualit\u00e4tsanspruch gerecht zu werden. Bis zur Ver\u00f6ffentlichung durchl\u00e4uft ein <strong><a href=\"https:\/\/casinofokus.com\/de\/ratgeber\/\">Ratgeber<\/a><\/strong> einige Stationen, f\u00fcr die verschiedene Mitarbeiter verantwortlich sind.<\/p>\n\n\n\n<p>Neben den Autoren gibt es bei Casinofokus noch weiteres Personal. Einige Kollegen k\u00fcmmern sich um die Partnerschaften mit den Casinos sowie die Verwaltung der Webseite. Andere Mitarbeiter sind <strong>in verschiedenen Abteilungen besch\u00e4ftigt<\/strong>, die sich um das operative Gesch\u00e4ft k\u00fcmmern.<\/p>\n\n\n\n<p>Wir haben ein kleines Designer-Team, welches die Webseite mit <strong>optisch ansprechenden Grafiken<\/strong> ausstattet. Nat\u00fcrlich haben wir auch Programmierer, die daf\u00fcr sorgen, dass die Webseite technisch einwandfrei ist und schnelle Ladezeiten erm\u00f6glicht.<\/p>\n","protected":false},"excerpt":{"rendered":"<p>Wir von Casinofokus sind eine Gruppe von begeisterten Spielern mit jahrelangen Erfahrungen in Online Casinos. Viele unserer Redakteure haben bereits f\u00fcr ein Casino gearbeitet und kennen daher die Arbeits- und Funktionsweise von modernen Anbietern. In diesem Beitrag stellen wir unser Team vor und verraten alles \u00fcber uns. Was ist unsere Mission? In unserem Portal findest [&hellip;]<\/p>\n","protected":false},"author":10,"featured_media":641,"parent":0,"menu_order":0,"comment_status":"closed","ping_status":"closed","template":"","meta":{"_acf_changed":false,"footnotes":""},"class_list":["post-45","page","type-page","status-publish","has-post-thumbnail","hentry"],"acf":[],"yoast_head":"<!-- This site is optimized with the Yoast SEO plugin v27.3 - https:\/\/yoast.com\/product\/yoast-seo-wordpress\/ -->\n<title>\u00dcber uns - Das Team hinter Casinofokus vorgestellt<\/title>\n<meta name=\"description\" content=\"Erfahre hier mehr Casinofokus \u2705 Wir stellen uns vor &amp; verraten Dir alles \u00fcber uns \u2795 Gesch\u00e4ftsmodell &amp; unsere Philosophie vorgestellt \u261d\" \/>\n<meta name=\"robots\" content=\"index, follow, max-snippet:-1, max-image-preview:large, max-video-preview:-1\" \/>\n<link rel=\"canonical\" href=\"https:\/\/casinofokus.com\/de\/ueber-uns\/\" \/>\n<meta property=\"og:locale\" content=\"de_DE\" \/>\n<meta property=\"og:type\" content=\"article\" \/>\n<meta property=\"og:title\" content=\"\u00dcber uns - Das Team hinter Casinofokus vorgestellt\" \/>\n<meta property=\"og:description\" content=\"Erfahre hier mehr Casinofokus \u2705 Wir stellen uns vor &amp; verraten Dir alles \u00fcber uns \u2795 Gesch\u00e4ftsmodell &amp; unsere Philosophie vorgestellt \u261d\" \/>\n<meta property=\"og:url\" content=\"https:\/\/casinofokus.com\/de\/ueber-uns\/\" \/>\n<meta property=\"og:site_name\" content=\"Casinofokus | Online Casino Vergleich\" \/>\n<meta property=\"article:modified_time\" content=\"2026-02-13T11:03:09+00:00\" \/>\n<meta property=\"og:image\" content=\"https:\/\/casinofokus.com\/de\/wp-content\/uploads\/2021\/09\/casinofokus-bulgaria-or-germany.png\" \/>\n\t<meta property=\"og:image:width\" content=\"1920\" \/>\n\t<meta property=\"og:image:height\" content=\"1080\" \/>\n\t<meta property=\"og:image:type\" content=\"image\/png\" \/>\n<meta name=\"twitter:card\" content=\"summary_large_image\" \/>\n<meta name=\"twitter:label1\" content=\"Gesch\u00e4tzte Lesezeit\" \/>\n\t<meta name=\"twitter:data1\" content=\"4\u00a0Minuten\" \/>\n<script type=\"application\/ld+json\" class=\"yoast-schema-graph\">{\"@context\":\"https:\\\/\\\/schema.org\",\"@graph\":[{\"@type\":\"WebPage\",\"@id\":\"https:\\\/\\\/casinofokus.com\\\/de\\\/ueber-uns\\\/\",\"url\":\"https:\\\/\\\/casinofokus.com\\\/de\\\/ueber-uns\\\/\",\"name\":\"\u00dcber uns - Das Team hinter Casinofokus vorgestellt\",\"isPartOf\":{\"@id\":\"https:\\\/\\\/casinofokus.com\\\/de\\\/#website\"},\"primaryImageOfPage\":{\"@id\":\"https:\\\/\\\/casinofokus.com\\\/de\\\/ueber-uns\\\/#primaryimage\"},\"image\":{\"@id\":\"https:\\\/\\\/casinofokus.com\\\/de\\\/ueber-uns\\\/#primaryimage\"},\"thumbnailUrl\":\"https:\\\/\\\/casinofokus.com\\\/de\\\/wp-content\\\/uploads\\\/2021\\\/09\\\/casinofokus-bulgaria-or-germany.png\",\"datePublished\":\"2021-09-01T05:45:16+00:00\",\"dateModified\":\"2026-02-13T11:03:09+00:00\",\"description\":\"Erfahre hier mehr Casinofokus \u2705 Wir stellen uns vor & verraten Dir alles \u00fcber uns \u2795 Gesch\u00e4ftsmodell & unsere Philosophie vorgestellt \u261d\",\"breadcrumb\":{\"@id\":\"https:\\\/\\\/casinofokus.com\\\/de\\\/ueber-uns\\\/#breadcrumb\"},\"inLanguage\":\"de\",\"potentialAction\":[{\"@type\":\"ReadAction\",\"target\":[\"https:\\\/\\\/casinofokus.com\\\/de\\\/ueber-uns\\\/\"]}]},{\"@type\":\"ImageObject\",\"inLanguage\":\"de\",\"@id\":\"https:\\\/\\\/casinofokus.com\\\/de\\\/ueber-uns\\\/#primaryimage\",\"url\":\"https:\\\/\\\/casinofokus.com\\\/de\\\/wp-content\\\/uploads\\\/2021\\\/09\\\/casinofokus-bulgaria-or-germany.png\",\"contentUrl\":\"https:\\\/\\\/casinofokus.com\\\/de\\\/wp-content\\\/uploads\\\/2021\\\/09\\\/casinofokus-bulgaria-or-germany.png\",\"width\":1920,\"height\":1080,\"caption\":\"Casinofokus Logo mit Flaggen\"},{\"@type\":\"BreadcrumbList\",\"@id\":\"https:\\\/\\\/casinofokus.com\\\/de\\\/ueber-uns\\\/#breadcrumb\",\"itemListElement\":[{\"@type\":\"ListItem\",\"position\":1,\"name\":\"Casinofokus\",\"item\":\"https:\\\/\\\/casinofokus.com\\\/de\\\/\"},{\"@type\":\"ListItem\",\"position\":2,\"name\":\"\u00dcber uns\"}]},{\"@type\":\"WebSite\",\"@id\":\"https:\\\/\\\/casinofokus.com\\\/de\\\/#website\",\"url\":\"https:\\\/\\\/casinofokus.com\\\/de\\\/\",\"name\":\"Casinofokus\",\"description\":\"Die beste Vergleichsseite f\u00fcr Online Casinos\",\"publisher\":{\"@id\":\"https:\\\/\\\/casinofokus.com\\\/de\\\/#organization\"},\"potentialAction\":[{\"@type\":\"SearchAction\",\"target\":{\"@type\":\"EntryPoint\",\"urlTemplate\":\"https:\\\/\\\/casinofokus.com\\\/de\\\/?s={search_term_string}\"},\"query-input\":{\"@type\":\"PropertyValueSpecification\",\"valueRequired\":true,\"valueName\":\"search_term_string\"}}],\"inLanguage\":\"de\"},{\"@type\":\"Organization\",\"@id\":\"https:\\\/\\\/casinofokus.com\\\/de\\\/#organization\",\"name\":\"Casinofokus\",\"url\":\"https:\\\/\\\/casinofokus.com\\\/de\\\/\",\"logo\":{\"@type\":\"ImageObject\",\"inLanguage\":\"de\",\"@id\":\"https:\\\/\\\/casinofokus.com\\\/de\\\/#\\\/schema\\\/logo\\\/image\\\/\",\"url\":\"https:\\\/\\\/casinofokus.com\\\/de\\\/wp-content\\\/uploads\\\/2021\\\/09\\\/cropped-casinofokus-de-logo-with-germany-flag.png\",\"contentUrl\":\"https:\\\/\\\/casinofokus.com\\\/de\\\/wp-content\\\/uploads\\\/2021\\\/09\\\/cropped-casinofokus-de-logo-with-germany-flag.png\",\"width\":430,\"height\":135,\"caption\":\"Casinofokus\"},\"image\":{\"@id\":\"https:\\\/\\\/casinofokus.com\\\/de\\\/#\\\/schema\\\/logo\\\/image\\\/\"}}]}<\/script>\n<!-- \/ Yoast SEO plugin. -->","yoast_head_json":{"title":"\u00dcber uns - Das Team hinter Casinofokus vorgestellt","description":"Erfahre hier mehr Casinofokus \u2705 Wir stellen uns vor & verraten Dir alles \u00fcber uns \u2795 Gesch\u00e4ftsmodell & unsere Philosophie vorgestellt \u261d","robots":{"index":"index","follow":"follow","max-snippet":"max-snippet:-1","max-image-preview":"max-image-preview:large","max-video-preview":"max-video-preview:-1"},"canonical":"https:\/\/casinofokus.com\/de\/ueber-uns\/","og_locale":"de_DE","og_type":"article","og_title":"\u00dcber uns - Das Team hinter Casinofokus vorgestellt","og_description":"Erfahre hier mehr Casinofokus \u2705 Wir stellen uns vor & verraten Dir alles \u00fcber uns \u2795 Gesch\u00e4ftsmodell & unsere Philosophie vorgestellt \u261d","og_url":"https:\/\/casinofokus.com\/de\/ueber-uns\/","og_site_name":"Casinofokus | Online Casino Vergleich","article_modified_time":"2026-02-13T11:03:09+00:00","og_image":[{"width":1920,"height":1080,"url":"https:\/\/casinofokus.com\/de\/wp-content\/uploads\/2021\/09\/casinofokus-bulgaria-or-germany.png","type":"image\/png"}],"twitter_card":"summary_large_image","twitter_misc":{"Gesch\u00e4tzte Lesezeit":"4\u00a0Minuten"},"schema":{"@context":"https:\/\/schema.org","@graph":[{"@type":"WebPage","@id":"https:\/\/casinofokus.com\/de\/ueber-uns\/","url":"https:\/\/casinofokus.com\/de\/ueber-uns\/","name":"\u00dcber uns - Das Team hinter Casinofokus vorgestellt","isPartOf":{"@id":"https:\/\/casinofokus.com\/de\/#website"},"primaryImageOfPage":{"@id":"https:\/\/casinofokus.com\/de\/ueber-uns\/#primaryimage"},"image":{"@id":"https:\/\/casinofokus.com\/de\/ueber-uns\/#primaryimage"},"thumbnailUrl":"https:\/\/casinofokus.com\/de\/wp-content\/uploads\/2021\/09\/casinofokus-bulgaria-or-germany.png","datePublished":"2021-09-01T05:45:16+00:00","dateModified":"2026-02-13T11:03:09+00:00","description":"Erfahre hier mehr Casinofokus \u2705 Wir stellen uns vor & verraten Dir alles \u00fcber uns \u2795 Gesch\u00e4ftsmodell & unsere Philosophie vorgestellt \u261d","breadcrumb":{"@id":"https:\/\/casinofokus.com\/de\/ueber-uns\/#breadcrumb"},"inLanguage":"de","potentialAction":[{"@type":"ReadAction","target":["https:\/\/casinofokus.com\/de\/ueber-uns\/"]}]},{"@type":"ImageObject","inLanguage":"de","@id":"https:\/\/casinofokus.com\/de\/ueber-uns\/#primaryimage","url":"https:\/\/casinofokus.com\/de\/wp-content\/uploads\/2021\/09\/casinofokus-bulgaria-or-germany.png","contentUrl":"https:\/\/casinofokus.com\/de\/wp-content\/uploads\/2021\/09\/casinofokus-bulgaria-or-germany.png","width":1920,"height":1080,"caption":"Casinofokus Logo mit Flaggen"},{"@type":"BreadcrumbList","@id":"https:\/\/casinofokus.com\/de\/ueber-uns\/#breadcrumb","itemListElement":[{"@type":"ListItem","position":1,"name":"Casinofokus","item":"https:\/\/casinofokus.com\/de\/"},{"@type":"ListItem","position":2,"name":"\u00dcber uns"}]},{"@type":"WebSite","@id":"https:\/\/casinofokus.com\/de\/#website","url":"https:\/\/casinofokus.com\/de\/","name":"Casinofokus","description":"Die beste Vergleichsseite f\u00fcr Online Casinos","publisher":{"@id":"https:\/\/casinofokus.com\/de\/#organization"},"potentialAction":[{"@type":"SearchAction","target":{"@type":"EntryPoint","urlTemplate":"https:\/\/casinofokus.com\/de\/?s={search_term_string}"},"query-input":{"@type":"PropertyValueSpecification","valueRequired":true,"valueName":"search_term_string"}}],"inLanguage":"de"},{"@type":"Organization","@id":"https:\/\/casinofokus.com\/de\/#organization","name":"Casinofokus","url":"https:\/\/casinofokus.com\/de\/","logo":{"@type":"ImageObject","inLanguage":"de","@id":"https:\/\/casinofokus.com\/de\/#\/schema\/logo\/image\/","url":"https:\/\/casinofokus.com\/de\/wp-content\/uploads\/2021\/09\/cropped-casinofokus-de-logo-with-germany-flag.png","contentUrl":"https:\/\/casinofokus.com\/de\/wp-content\/uploads\/2021\/09\/cropped-casinofokus-de-logo-with-germany-flag.png","width":430,"height":135,"caption":"Casinofokus"},"image":{"@id":"https:\/\/casinofokus.com\/de\/#\/schema\/logo\/image\/"}}]}},"_links":{"self":[{"href":"https:\/\/casinofokus.com\/de\/wp-json\/wp\/v2\/pages\/45","targetHints":{"allow":["GET"]}}],"collection":[{"href":"https:\/\/casinofokus.com\/de\/wp-json\/wp\/v2\/pages"}],"about":[{"href":"https:\/\/casinofokus.com\/de\/wp-json\/wp\/v2\/types\/page"}],"author":[{"embeddable":true,"href":"https:\/\/casinofokus.com\/de\/wp-json\/wp\/v2\/users\/10"}],"replies":[{"embeddable":true,"href":"https:\/\/casinofokus.com\/de\/wp-json\/wp\/v2\/comments?post=45"}],"version-history":[{"count":2,"href":"https:\/\/casinofokus.com\/de\/wp-json\/wp\/v2\/pages\/45\/revisions"}],"predecessor-version":[{"id":40654,"href":"https:\/\/casinofokus.com\/de\/wp-json\/wp\/v2\/pages\/45\/revisions\/40654"}],"wp:featuredmedia":[{"embeddable":true,"href":"https:\/\/casinofokus.com\/de\/wp-json\/wp\/v2\/media\/641"}],"wp:attachment":[{"href":"https:\/\/casinofokus.com\/de\/wp-json\/wp\/v2\/media?parent=45"}],"curies":[{"name":"wp","href":"https:\/\/api.w.org\/{rel}","templated":true}]}}